{"id":37210,"date":"2025-10-29T14:27:10","date_gmt":"2025-10-29T13:27:10","guid":{"rendered":"https:\/\/entwicklung-variomobil.d3sign.work\/?page_id=37210"},"modified":"2026-01-05T14:42:07","modified_gmt":"2026-01-05T13:42:07","slug":"accessibility-statement","status":"publish","type":"page","link":"https:\/\/entwicklung-variomobil.d3sign.work\/en\/barrierefreiheits-erklaerung\/","title":{"rendered":"BARRIEREFREIHEITS-ERKL\u00c4RUNG"},"content":{"rendered":"<div data-elementor-type=\"wp-page\" data-elementor-id=\"37210\" class=\"elementor elementor-37210\" data-elementor-post-type=\"page\">\n\t\t\t\t<div class=\"elementor-element elementor-element-edd460f e-con-full e-flex e-con e-parent\" data-id=\"edd460f\" data-element_type=\"container\" data-e-type=\"container\" data-settings=\"{&quot;background_background&quot;:&quot;classic&quot;}\">\n\t\t<div class=\"elementor-element elementor-element-4f1ea1c e-con-full e-flex e-con e-child\" data-id=\"4f1ea1c\" data-element_type=\"container\" data-e-type=\"container\">\n\t\t\t\t<div class=\"elementor-element elementor-element-e35a000 elementor-invisible elementor-widget elementor-widget-theme-page-title elementor-page-title elementor-widget-heading\" data-id=\"e35a000\" data-element_type=\"widget\" data-e-type=\"widget\" data-settings=\"{&quot;_animation&quot;:&quot;slideInRight&quot;}\" data-widget_type=\"theme-page-title.default\">\n\t\t\t\t\t\t<\/div>\n\t\t\t\t<\/div>\n\t\t\t\t<\/div>\n\t\t<div class=\"elementor-element elementor-element-06bf2f2 e-flex e-con-boxed e-con e-parent\" data-id=\"06bf2f2\" data-element_type=\"container\" data-e-type=\"container\">\n\t\t\t\t\t<div class=\"e-con-inner\">\n\t\t<div class=\"elementor-element elementor-element-e41c4c7 e-con-full e-flex e-con e-child\" data-id=\"e41c4c7\" data-element_type=\"container\" data-e-type=\"container\">\n\t\t\t\t<div class=\"elementor-element elementor-element-0e298dc elementor-widget elementor-widget-text-editor\" data-id=\"0e298dc\" data-element_type=\"widget\" data-e-type=\"widget\" data-widget_type=\"text-editor.default\">\n\t\t\t\t\t\t<div class=\"elementor-widget-container\">\n\t\t\t\t\t\t\t\t\t<h6>Accessibility Statement<\/h6><p class=\"translation-block\">We want our website to be as accessible as possible for all visitors. Therefore, we continuously work to improve the usability and technical accessibility of our online services.<br><br><strong>As a privately owned company without a public-law mandate, VARIOmobil Fahrzeugbau GmbH is currently not subject to any legal obligation to provide an accessibility statement pursuant to the German Accessibility Strengthening Act (Barrierefreiheitsst\u00e4rkungsgesetz, BFSG).<\/strong><\/p><p class=\"translation-block\">If you notice any barriers or if content is difficult to access\u2014despite standard browser functions\u2014we would appreciate your feedback.<br><br>Please contact us in this case by email at <a href=\"mailto:barrierefreiheit@vario-mobil.com\" target=\"_blank\" rel=\"noopener\"><strong>barrierefreiheit@vario-mobil.com<\/strong><\/a>. We will review every message carefully and will make every effort to remedy the identified barriers within the scope of our technical and design capabilities.<\/p>\t\t\t\t\t\t\t\t<\/div>\n\t\t\t\t<\/div>\n\t\t\t\t<\/div>\n\t\t\t\t\t<\/div>\n\t\t\t\t<\/div>\n\t\t\t\t<\/div>","protected":false},"excerpt":{"rendered":"<p>Barrierefreiheits-Erkl\u00e4rung Wir m\u00f6chten, dass unsere Website f\u00fcr alle Besucherinnen und Besucher so zug\u00e4nglich wie m\u00f6glich ist. Daher arbeiten wir fortlaufend daran, die Nutzerfreundlichkeit und technische Zug\u00e4nglichkeit unserer Online-Angebote zu verbessern. Als privatwirtschaftliches Unternehmen ohne \u00f6ffentlich-rechtlichen Auftrag unterliegt VARIOmobil Fahrzeugbau GmbH derzeit keiner gesetzlichen Verpflichtung zur Bereitstellung einer Barrierefreiheitserkl\u00e4rung gem\u00e4\u00df Barrierefreiheitsst\u00e4rkungsgesetz (BFSG). Sollten Ihnen Barrieren auffallen [&hellip;]<\/p>\n","protected":false},"author":1,"featured_media":0,"parent":0,"menu_order":0,"comment_status":"closed","ping_status":"closed","template":"elementor_header_footer","meta":{"footnotes":""},"folder":[],"class_list":["post-37210","page","type-page","status-publish","hentry"],"aioseo_notices":[],"_links":{"self":[{"href":"https:\/\/entwicklung-variomobil.d3sign.work\/en\/wp-json\/wp\/v2\/pages\/37210","targetHints":{"allow":["GET"]}}],"collection":[{"href":"https:\/\/entwicklung-variomobil.d3sign.work\/en\/wp-json\/wp\/v2\/pages"}],"about":[{"href":"https:\/\/entwicklung-variomobil.d3sign.work\/en\/wp-json\/wp\/v2\/types\/page"}],"author":[{"embeddable":true,"href":"https:\/\/entwicklung-variomobil.d3sign.work\/en\/wp-json\/wp\/v2\/users\/1"}],"replies":[{"embeddable":true,"href":"https:\/\/entwicklung-variomobil.d3sign.work\/en\/wp-json\/wp\/v2\/comments?post=37210"}],"version-history":[{"count":19,"href":"https:\/\/entwicklung-variomobil.d3sign.work\/en\/wp-json\/wp\/v2\/pages\/37210\/revisions"}],"predecessor-version":[{"id":38754,"href":"https:\/\/entwicklung-variomobil.d3sign.work\/en\/wp-json\/wp\/v2\/pages\/37210\/revisions\/38754"}],"wp:attachment":[{"href":"https:\/\/entwicklung-variomobil.d3sign.work\/en\/wp-json\/wp\/v2\/media?parent=37210"}],"wp:term":[{"taxonomy":"folder","embeddable":true,"href":"https:\/\/entwicklung-variomobil.d3sign.work\/en\/wp-json\/wp\/v2\/folder?post=37210"}],"curies":[{"name":"wp","href":"https:\/\/api.w.org\/{rel}","templated":true}]}}