{"id":19757,"date":"2022-05-23T15:53:14","date_gmt":"2022-05-23T13:53:14","guid":{"rendered":"https:\/\/entwicklung.vario-mobil.com\/?page_id=19757"},"modified":"2026-02-17T13:31:36","modified_gmt":"2026-02-17T12:31:36","slug":"apply-now","status":"publish","type":"page","link":"https:\/\/entwicklung-variomobil.d3sign.work\/en\/jetzt-bewerben\/","title":{"rendered":"Apply Form"},"content":{"rendered":"\t\t<div data-elementor-type=\"wp-page\" data-elementor-id=\"19757\" class=\"elementor elementor-19757\" data-elementor-post-type=\"page\">\n\t\t\t\t<div class=\"elementor-element elementor-element-c94c174 e-con-full e-flex e-con e-parent\" data-id=\"c94c174\" data-element_type=\"container\" data-e-type=\"container\" data-settings=\"{&quot;background_background&quot;:&quot;classic&quot;}\">\n\t\t<div class=\"elementor-element elementor-element-254ddb3 e-con-full e-flex e-con e-child\" data-id=\"254ddb3\" data-element_type=\"container\" data-e-type=\"container\">\n\t\t\t\t<\/div>\n\t\t\t\t<\/div>\n\t\t<div class=\"elementor-element elementor-element-81f4a8b e-flex e-con-boxed e-con e-parent\" data-id=\"81f4a8b\" data-element_type=\"container\" data-e-type=\"container\">\n\t\t\t\t\t<div class=\"e-con-inner\">\n\t\t<div class=\"elementor-element elementor-element-d6a1c5f e-con-full e-flex e-con e-child\" data-id=\"d6a1c5f\" data-element_type=\"container\" data-e-type=\"container\">\n\t\t\t\t<div class=\"elementor-element elementor-element-ae87fdf uael-heading-align-center elementor-widget elementor-widget-uael-advanced-heading\" data-id=\"ae87fdf\" data-element_type=\"widget\" data-e-type=\"widget\" data-widget_type=\"uael-advanced-heading.default\">\n\t\t\t\t\t\t<div class=\"elementor-widget-container\">\n\t\t\t\t\t\n\t\t<div class=\"uael-module-content uael-heading-wrapper\">\n\t\t\t\t\t\t\n\t\t\t<h1 class=\"uael-heading\">\n\t\t\t\t\t\t\t\t\t\t<span class=\"uael-heading-text elementor-inline-editing uael-size--default\" data-elementor-setting-key=\"heading_title\" data-elementor-inline-editing-toolbar=\"basic\">BEWIRB DICH JETZT!<\/span>\n\t\t\t\t\t\t\t<\/h1>\n\n\t\t\t\n\t\t\t\n\t\t\t\n\t\t\t\t\t\t<\/div>\n\t\t\t\t\t\t<\/div>\n\t\t\t\t<\/div>\n\t\t\t\t<div class=\"elementor-element elementor-element-ff24890 elementor-widget elementor-widget-html\" data-id=\"ff24890\" data-element_type=\"widget\" data-e-type=\"widget\" data-widget_type=\"html.default\">\n\t\t\t\t\t\t<div class=\"elementor-widget-container\">\n\t\t\t\t\t<div class=\"stacked-separator\">\r\n  <span class=\"line line-a\"><\/span>\r\n  <span class=\"line line-b\"><\/span>\r\n<\/div>\r\n\r\n\r\n\t\t\t\t<\/div>\n\t\t\t\t<\/div>\n\t\t\t\t<div class=\"elementor-element elementor-element-bd52bfd elementor-widget elementor-widget-image\" data-id=\"bd52bfd\" data-element_type=\"widget\" data-e-type=\"widget\" data-widget_type=\"image.default\">\n\t\t\t\t\t\t<div class=\"elementor-widget-container\">\n\t\t\t\t\t\t\t\t\t\t\t\t\t\t\t<img decoding=\"async\" width=\"295\" height=\"41\" src=\"https:\/\/entwicklung-variomobil.d3sign.work\/wp-content\/uploads\/2022\/11\/VARIOmobil-Logo_Albatros-255px.png\" class=\"attachment-full size-full wp-image-25694\" alt=\"\" srcset=\"https:\/\/entwicklung-variomobil.d3sign.work\/wp-content\/uploads\/2022\/11\/VARIOmobil-Logo_Albatros-255px.png 295w, https:\/\/entwicklung-variomobil.d3sign.work\/wp-content\/uploads\/2022\/11\/VARIOmobil-Logo_Albatros-255px-150x21.png 150w\" sizes=\"(max-width: 295px) 100vw, 295px\" \/>\t\t\t\t\t\t\t\t\t\t\t\t\t\t\t<\/div>\n\t\t\t\t<\/div>\n\t\t\t\t<div class=\"elementor-element elementor-element-549ede2 elementor-widget elementor-widget-text-editor\" data-id=\"549ede2\" data-element_type=\"widget\" data-e-type=\"widget\" data-widget_type=\"text-editor.default\">\n\t\t\t\t\t\t<div class=\"elementor-widget-container\">\n\t\t\t\t\t\t\t\t\t<p><strong>Bereit f\u00fcr Teamarbeit? Die Zukunft? Das Neue?<\/strong><\/p>\n<p>Ob mit <a title=\"Aktuelle Stellenangebote VARIOmobil\" href=\"https:\/\/entwicklung-variomobil.d3sign.work\/stellenangebote\/\" target=\"_blank\" rel=\"noopener\">Stellenangeboten in der Produktion, im B\u00fcro oder in der Ausbildung:<\/a>&nbsp;<br>Wir m\u00f6chten noch innovativer, digitaler und agiler werden.<\/p>\n<p><span style=\"letter-spacing: 0px;\">Am liebsten mit Dir \/ Ihnen zusammen. Was z\u00e4hlt ist der Wille, etwas zu bewegen.<br><br><\/span><\/p>\n<h3>Willkommen im Team<\/h3>\n<p>Wer vorw\u00e4rts will, muss sich bewegen. Dann los&#8230; Bei sehr vielen und sehr gro\u00dfen Dateianh\u00e4ngen <br>und langsamer Internetverbindung kann es aus Sicherheitsgr\u00fcnden zur Fehlermeldung bei der \u00dcbertragung kommen. <br><br>Alternativ erhalten wir die Daten gerne via&nbsp;<a href=\"mailto:bewerbung@vario-mobil.com\" target=\"_blank\" rel=\"noopener\">bewerbung@vario-mobil.com<\/a> oder via&nbsp;<br><a title=\"Bewerbungsdatei an VARIOmobil\" href=\"https:\/\/wetransfer.com\/\" target=\"_blank\" rel=\"noopener\">www.wetransfer.com<\/a>&nbsp;[Datenanhang bis 2 GB kostenlos | Zieladresse bewerbung@vario-mobil.com]<\/p>\t\t\t\t\t\t\t\t<\/div>\n\t\t\t\t<\/div>\n\t\t\t\t<div class=\"elementor-element elementor-element-52860bf uael-heading-align-center elementor-widget elementor-widget-uael-advanced-heading\" data-id=\"52860bf\" data-element_type=\"widget\" data-e-type=\"widget\" data-widget_type=\"uael-advanced-heading.default\">\n\t\t\t\t\t\t<div class=\"elementor-widget-container\">\n\t\t\t\t\t\n\t\t<div class=\"uael-module-content uael-heading-wrapper\">\n\t\t\t\t\t\t\n\t\t\t<h2 class=\"uael-heading\">\n\t\t\t\t\t\t\t\t\t\t<span class=\"uael-heading-text elementor-inline-editing uael-size--default\" data-elementor-setting-key=\"heading_title\" data-elementor-inline-editing-toolbar=\"basic\">Hier der direkte Weg in die Mannschaft von VARIOmobil\n<\/span>\n\t\t\t\t\t\t\t<\/h2>\n\n\t\t\t\n\t\t\t\n\t\t\t\n\t\t\t\t\t\t<\/div>\n\t\t\t\t\t\t<\/div>\n\t\t\t\t<\/div>\n\t\t\t\t<div class=\"elementor-element elementor-element-cfea9b8 elementor-widget elementor-widget-html\" data-id=\"cfea9b8\" data-element_type=\"widget\" data-e-type=\"widget\" data-widget_type=\"html.default\">\n\t\t\t\t\t\t<div class=\"elementor-widget-container\">\n\t\t\t\t\t<div class=\"stacked-separator\">\r\n  <span class=\"line line-a\"><\/span>\r\n  <span class=\"line line-b\"><\/span>\r\n<\/div>\r\n\r\n\r\n\t\t\t\t<\/div>\n\t\t\t\t<\/div>\n\t\t\t\t<\/div>\n\t\t\t\t\t<\/div>\n\t\t\t\t<\/div>\n\t\t<div class=\"elementor-element elementor-element-82cec9c e-flex e-con-boxed e-con e-parent\" data-id=\"82cec9c\" data-element_type=\"container\" data-e-type=\"container\">\n\t\t\t\t\t<div class=\"e-con-inner\">\n\t\t<div class=\"elementor-element elementor-element-4223120 e-con-full e-flex e-con e-child\" data-id=\"4223120\" data-element_type=\"container\" data-e-type=\"container\">\n\t\t\t\t<div class=\"elementor-element elementor-element-f806c67 elementor-button-align-stretch elementor-widget elementor-widget-form\" data-id=\"f806c67\" data-element_type=\"widget\" data-e-type=\"widget\" data-settings=\"{&quot;step_next_label&quot;:&quot;Next&quot;,&quot;step_previous_label&quot;:&quot;Previous&quot;,&quot;button_width&quot;:&quot;100&quot;,&quot;step_type&quot;:&quot;number_text&quot;,&quot;step_icon_shape&quot;:&quot;circle&quot;}\" data-widget_type=\"form.default\">\n\t\t\t\t\t\t<div class=\"elementor-widget-container\">\n\t\t\t\t\t\t\t<form class=\"elementor-form\" method=\"post\" name=\"Bewerbungsformular\" aria-label=\"Bewerbungsformular\">\n\t\t\t<input type=\"hidden\" name=\"post_id\" value=\"19757\"\/>\n\t\t\t<input type=\"hidden\" name=\"form_id\" value=\"f806c67\"\/>\n\t\t\t<input type=\"hidden\" name=\"referer_title\" value=\"\" \/>\n\n\t\t\t\n\t\t\t<div class=\"elementor-form-fields-wrapper elementor-labels-above\">\n\t\t\t\t\t\t\t\t<div class=\"elementor-field-type-text elementor-field-group elementor-column elementor-field-group-name elementor-col-50 elementor-field-required\">\n\t\t\t\t\t\t\t\t\t\t\t\t\t<input size=\"1\" type=\"text\" name=\"form_fields[name]\" id=\"form-field-name\" class=\"elementor-field elementor-size-sm  elementor-field-textual\" placeholder=\"Vorname\" required=\"required\">\n\t\t\t\t\t\t\t\t\t\t\t<\/div>\n\t\t\t\t\t\t\t\t<div class=\"elementor-field-type-text elementor-field-group elementor-column elementor-field-group-field_b2c7141 elementor-col-50 elementor-field-required\">\n\t\t\t\t\t\t\t\t\t\t\t\t\t<input size=\"1\" type=\"text\" name=\"form_fields[field_b2c7141]\" id=\"form-field-field_b2c7141\" class=\"elementor-field elementor-size-sm  elementor-field-textual\" placeholder=\"Nachname\" required=\"required\">\n\t\t\t\t\t\t\t\t\t\t\t<\/div>\n\t\t\t\t\t\t\t\t<div class=\"elementor-field-type-text elementor-field-group elementor-column elementor-field-group-field_f838d1e elementor-col-100\">\n\t\t\t\t\t\t\t\t\t\t\t\t\t<input size=\"1\" type=\"text\" name=\"form_fields[field_f838d1e]\" id=\"form-field-field_f838d1e\" class=\"elementor-field elementor-size-sm  elementor-field-textual\" placeholder=\"Deine Telefonnummer (optional)\">\n\t\t\t\t\t\t\t\t\t\t\t<\/div>\n\t\t\t\t\t\t\t\t<div class=\"elementor-field-type-email elementor-field-group elementor-column elementor-field-group-email elementor-col-100 elementor-field-required\">\n\t\t\t\t\t\t\t\t\t\t\t\t\t<input size=\"1\" type=\"email\" name=\"form_fields[email]\" id=\"form-field-email\" class=\"elementor-field elementor-size-sm  elementor-field-textual\" placeholder=\"Deine Email-Adresse\" required=\"required\">\n\t\t\t\t\t\t\t\t\t\t\t<\/div>\n\t\t\t\t\t\t\t\t<div class=\"elementor-field-type-checkbox elementor-field-group elementor-column elementor-field-group-field_fe572d6 elementor-col-100\">\n\t\t\t\t\t\t\t\t\t\t\t\t<label for=\"form-field-field_fe572d6\" class=\"elementor-field-label\">\n\t\t\t\t\t\t\t\t<strong>F\u00fchrerschein<\/strong>\t\t\t\t\t\t\t<\/label>\n\t\t\t\t\t\t<div class=\"elementor-field-subgroup  \"><span class=\"elementor-field-option\"><input type=\"checkbox\" value=\"Klasse B\" id=\"form-field-field_fe572d6-0\" name=\"form_fields[field_fe572d6][]\"> <label for=\"form-field-field_fe572d6-0\">Klasse B<\/label><\/span><span class=\"elementor-field-option\"><input type=\"checkbox\" value=\"Klasse BE\" id=\"form-field-field_fe572d6-1\" name=\"form_fields[field_fe572d6][]\"> <label for=\"form-field-field_fe572d6-1\">Klasse BE<\/label><\/span><\/div>\t\t\t\t<\/div>\n\t\t\t\t\t\t\t\t<div class=\"elementor-field-type-upload elementor-field-group elementor-column elementor-field-group-field_af49675 elementor-col-100\">\n\t\t\t\t\t\t\t\t\t\t\t\t<label for=\"form-field-field_af49675\" class=\"elementor-field-label\">\n\t\t\t\t\t\t\t\t<strong>Dein Lebenslauf<\/strong> (max. 2MB - zul\u00e4ssige Formate jpg, gif, pdf)\t\t\t\t\t\t\t<\/label>\n\t\t\t\t\t\t\t\t<input type=\"file\" name=\"form_fields[field_af49675][]\" id=\"form-field-field_af49675\" class=\"elementor-field elementor-size-sm  elementor-upload-field\" multiple=\"multiple\" data-maxsize=\"2\" data-maxsize-message=\"This file exceeds the maximum allowed size.\">\n\n\t\t\t\t\t\t<\/div>\n\t\t\t\t\t\t\t\t<div class=\"elementor-field-type-upload elementor-field-group elementor-column elementor-field-group-field_150abc8 elementor-col-100\">\n\t\t\t\t\t\t\t\t\t\t\t\t<label for=\"form-field-field_150abc8\" class=\"elementor-field-label\">\n\t\t\t\t\t\t\t\t<strong>Dein Anschreiben<\/strong> (max. 2MB - zul\u00e4ssige Formate jpg, gif, pdf)\t\t\t\t\t\t\t<\/label>\n\t\t\t\t\t\t\t\t<input type=\"file\" name=\"form_fields[field_150abc8][]\" id=\"form-field-field_150abc8\" class=\"elementor-field elementor-size-sm  elementor-upload-field\" multiple=\"multiple\" data-maxsize=\"2\" data-maxsize-message=\"This file exceeds the maximum allowed size.\">\n\n\t\t\t\t\t\t<\/div>\n\t\t\t\t\t\t\t\t<div class=\"elementor-field-type-upload elementor-field-group elementor-column elementor-field-group-field_b791a81 elementor-col-100\">\n\t\t\t\t\t\t\t\t\t\t\t\t<label for=\"form-field-field_b791a81\" class=\"elementor-field-label\">\n\t\t\t\t\t\t\t\t<strong>Datei 1<\/strong> (max. 2MB - zul\u00e4ssige Formate jpg, gif, pdf)\t\t\t\t\t\t\t<\/label>\n\t\t\t\t\t\t\t\t<input type=\"file\" name=\"form_fields[field_b791a81][]\" id=\"form-field-field_b791a81\" class=\"elementor-field elementor-size-sm  elementor-upload-field\" multiple=\"multiple\" data-maxsize=\"2\" data-maxsize-message=\"This file exceeds the maximum allowed size.\">\n\n\t\t\t\t\t\t<\/div>\n\t\t\t\t\t\t\t\t<div class=\"elementor-field-type-upload elementor-field-group elementor-column elementor-field-group-field_dae17cf elementor-col-100\">\n\t\t\t\t\t\t\t\t\t\t\t\t<label for=\"form-field-field_dae17cf\" class=\"elementor-field-label\">\n\t\t\t\t\t\t\t\t<strong>Datei 2<\/strong> (max. 2MB - zul\u00e4ssige Formate jpg, gif, pdf)\t\t\t\t\t\t\t<\/label>\n\t\t\t\t\t\t\t\t<input type=\"file\" name=\"form_fields[field_dae17cf][]\" id=\"form-field-field_dae17cf\" class=\"elementor-field elementor-size-sm  elementor-upload-field\" multiple=\"multiple\" data-maxsize=\"2\" data-maxsize-message=\"This file exceeds the maximum allowed size.\">\n\n\t\t\t\t\t\t<\/div>\n\t\t\t\t\t\t\t\t<div class=\"elementor-field-type-upload elementor-field-group elementor-column elementor-field-group-field_1b91b05 elementor-col-100\">\n\t\t\t\t\t\t\t\t\t\t\t\t<label for=\"form-field-field_1b91b05\" class=\"elementor-field-label\">\n\t\t\t\t\t\t\t\tOptional kurzes <strong>Bewerbungsvideo<\/strong> (max. 300MB, 30 Sekunden Aufnahmedauer- zul\u00e4ssiges Format MP4)\t\t\t\t\t\t\t<\/label>\n\t\t\t\t\t\t\t\t<input type=\"file\" name=\"form_fields[field_1b91b05][]\" id=\"form-field-field_1b91b05\" class=\"elementor-field elementor-size-sm  elementor-upload-field\" multiple=\"multiple\" data-maxsize=\"300\" data-maxsize-message=\"This file exceeds the maximum allowed size.\">\n\n\t\t\t\t\t\t<\/div>\n\t\t\t\t\t\t\t\t<div class=\"elementor-field-type-textarea elementor-field-group elementor-column elementor-field-group-message elementor-col-100\">\n\t\t\t\t\t<textarea class=\"elementor-field-textual elementor-field  elementor-size-sm\" name=\"form_fields[message]\" id=\"form-field-message\" rows=\"4\" placeholder=\"Deine Nachricht an uns\"><\/textarea>\t\t\t\t<\/div>\n\t\t\t\t\t\t\t\t<div class=\"elementor-field-type-acceptance elementor-field-group elementor-column elementor-field-group-field_ebebc3f elementor-col-100 elementor-field-required\">\n\t\t\t\t\t\t\t\t\t\t\t\t<label for=\"form-field-field_ebebc3f\" class=\"elementor-field-label\">\n\t\t\t\t\t\t\t\t<strong>Datenschutz<\/strong>\t\t\t\t\t\t\t<\/label>\n\t\t\t\t\t\t\t\t<div class=\"elementor-field-subgroup\">\n\t\t\t<span class=\"elementor-field-option\">\n\t\t\t\t<input type=\"checkbox\" name=\"form_fields[field_ebebc3f]\" id=\"form-field-field_ebebc3f\" class=\"elementor-field elementor-size-sm  elementor-acceptance-field\" required=\"required\">\n\t\t\t\t<label for=\"form-field-field_ebebc3f\">Mit der Nutzung dieses Formulars erkl\u00e4rst du dich \/ erkl\u00e4ren Sie sich mit der Speicherung und Verarbeitung deiner \/ Ihrer Daten durch diese Website einverstanden. Deine \/ Ihre Daten werden von uns vertraulich behandelt und nicht an Dritte weitergereicht.<\/label>\t\t\t<\/span>\n\t\t<\/div>\n\t\t\t\t\t\t<\/div>\n\t\t\t\t\t\t\t\t<div class=\"elementor-field-group elementor-column elementor-field-type-submit elementor-col-100 e-form__buttons\">\n\t\t\t\t\t<button class=\"elementor-button elementor-size-sm\" type=\"submit\">\n\t\t\t\t\t\t<span class=\"elementor-button-content-wrapper\">\n\t\t\t\t\t\t\t\t\t\t\t\t\t\t\t\t\t\t\t\t\t\t<span class=\"elementor-button-text\">Bewerbungsformular senden<\/span>\n\t\t\t\t\t\t\t\t\t\t\t\t\t<\/span>\n\t\t\t\t\t<\/button>\n\t\t\t\t<\/div>\n\t\t\t<\/div>\n\t\t<\/form>\n\t\t\t\t\t\t<\/div>\n\t\t\t\t<\/div>\n\t\t\t\t<div class=\"elementor-element elementor-element-ec25c4a elementor-widget elementor-widget-text-editor\" data-id=\"ec25c4a\" data-element_type=\"widget\" data-e-type=\"widget\" data-widget_type=\"text-editor.default\">\n\t\t\t\t\t\t<div class=\"elementor-widget-container\">\n\t\t\t\t\t\t\t\t\t<p><strong>\u00a0<\/strong><\/p><p><strong>Bereit f\u00fcr Teamarbeit? Die Zukunft? Das Neue?<\/strong><\/p><p>Unsere Stellenangebote sind auch im<a title=\"Jobs in Bohmte | NOZ\" href=\"https:\/\/jobs.noz.de\/firmen\/74106\/vario_mobil_fahrzeugbau_gmbh#tab-additional-ads\" target=\"_blank\" rel=\"noopener\"> Jobportal der NOZ<\/a> | d.h. der Neuen Osnabr\u00fccker Zeitung tagesaktuell zu finden.<\/p><h3>Willkommen im Team<\/h3><p>Wer vorw\u00e4rts will, muss sich bewegen. Dann los&#8230;\u00a0 <a href=\"mailto:bewerbung@vario-mobil.com\" target=\"_blank\" rel=\"noopener\">bewerbung@vario-mobil.com<\/a><\/p>\t\t\t\t\t\t\t\t<\/div>\n\t\t\t\t<\/div>\n\t\t\t\t<\/div>\n\t\t\t\t\t<\/div>\n\t\t\t\t<\/div>\n\t\t\t\t<\/div>\n\t\t","protected":false},"excerpt":{"rendered":"<p>BEWIRB DICH JETZT! Bereit f\u00fcr Teamarbeit? Die Zukunft? Das Neue? Ob mit Stellenangeboten in der Produktion, im B\u00fcro oder in der Ausbildung:&nbsp;Wir m\u00f6chten noch innovativer, digitaler und agiler werden. Am liebsten mit Dir \/ Ihnen zusammen. Was z\u00e4hlt ist der Wille, etwas zu bewegen. Willkommen im Team Wer vorw\u00e4rts will, muss sich bewegen. Dann los&#8230; [&hellip;]<\/p>\n","protected":false},"author":1,"featured_media":0,"parent":0,"menu_order":0,"comment_status":"closed","ping_status":"closed","template":"elementor_header_footer","meta":{"footnotes":""},"folder":[],"class_list":["post-19757","page","type-page","status-publish","hentry"],"aioseo_notices":[],"_links":{"self":[{"href":"https:\/\/entwicklung-variomobil.d3sign.work\/en\/wp-json\/wp\/v2\/pages\/19757","targetHints":{"allow":["GET"]}}],"collection":[{"href":"https:\/\/entwicklung-variomobil.d3sign.work\/en\/wp-json\/wp\/v2\/pages"}],"about":[{"href":"https:\/\/entwicklung-variomobil.d3sign.work\/en\/wp-json\/wp\/v2\/types\/page"}],"author":[{"embeddable":true,"href":"https:\/\/entwicklung-variomobil.d3sign.work\/en\/wp-json\/wp\/v2\/users\/1"}],"replies":[{"embeddable":true,"href":"https:\/\/entwicklung-variomobil.d3sign.work\/en\/wp-json\/wp\/v2\/comments?post=19757"}],"version-history":[{"count":298,"href":"https:\/\/entwicklung-variomobil.d3sign.work\/en\/wp-json\/wp\/v2\/pages\/19757\/revisions"}],"predecessor-version":[{"id":39133,"href":"https:\/\/entwicklung-variomobil.d3sign.work\/en\/wp-json\/wp\/v2\/pages\/19757\/revisions\/39133"}],"wp:attachment":[{"href":"https:\/\/entwicklung-variomobil.d3sign.work\/en\/wp-json\/wp\/v2\/media?parent=19757"}],"wp:term":[{"taxonomy":"folder","embeddable":true,"href":"https:\/\/entwicklung-variomobil.d3sign.work\/en\/wp-json\/wp\/v2\/folder?post=19757"}],"curies":[{"name":"wp","href":"https:\/\/api.w.org\/{rel}","templated":true}]}}